{"id":2265,"date":"2017-06-22T14:09:19","date_gmt":"2017-06-22T14:09:19","guid":{"rendered":"http:\/\/www.elpequenocatalan.com\/?page_id=2265"},"modified":"2017-06-23T13:16:34","modified_gmt":"2017-06-23T13:16:34","slug":"el-pequeno-catalan","status":"publish","type":"page","link":"https:\/\/elpequenocatalan.com\/home\/index.php\/el-pequeno-catalan\/","title":{"rendered":"EPC"},"content":{"rendered":"<p><strong><em>Somos una empresa familiar fundada en 1860. Han sido 6 generaciones atendiendo al p\u00fablico (y las nuevas que vienen). Nuestro eslogan es: \u201cCalidad y Servicio a precios Razonables\u201d.<\/em><\/strong><\/p>\n<p><strong><em>Disponemos de m\u00e1s de 1200 m2 de tienda, divididas en 4 plantas.<\/em><\/strong><\/p>\n<p><strong><em>Como empresa tradicional, hacemos especial hincapi\u00e9 en el servicio de atenci\u00f3n al cliente (antes, durante y post-venta). Disponemos de un gran n\u00famero de personas atendiendo, con la \u00fanica finalidad de facilitar y agilizar las compras del cliente.<\/em><\/strong><\/p>\n<p><strong><em>Somos fabricantes, lo que nos permite ser m\u00e1s competitivos en relaci\u00f3n calidad\/precio. Se trata todo de fabricaci\u00f3n nacional, donde lo que se intenta siempre, es obtener productos de calidad a precios razonables. Con un gran n\u00famero de personas a su servicio, somos capaces de trabajar sobre pedido y realizar las entregas en plazos muy ajustados.<\/em><\/strong><\/p>\n<div class=\"tiled-gallery type-rectangular tiled-gallery-unresized\" data-original-width=\"640\" data-carousel-extra='null' itemscope itemtype=\"http:\/\/schema.org\/ImageGallery\" > <div class=\"gallery-row\" style=\"width: 640px; height: 312px;\" data-original-width=\"640\" data-original-height=\"312\" > <div class=\"gallery-group images-1\" style=\"width: 328px; height: 312px;\" data-original-width=\"328\" data-original-height=\"312\" > <div class=\"tiled-gallery-item tiled-gallery-item-large\" itemprop=\"associatedMedia\" itemscope itemtype=\"http:\/\/schema.org\/ImageObject\"> <a href=\"https:\/\/elpequenocatalan.com\/home\/index.php\/el-pequeno-catalan\/attachment\/1\/\" border=\"0\" itemprop=\"url\"> <meta itemprop=\"width\" content=\"324\"> <meta itemprop=\"height\" content=\"308\"> <img decoding=\"async\" class=\"\" data-attachment-id=\"2346\" data-orig-file=\"https:\/\/elpequenocatalan.com\/home\/wp-content\/uploads\/2017\/06\/1.jpg\" data-orig-size=\"230,219\" data-comments-opened=\"\" data-image-meta=\"{&quot;aperture&quot;:&quot;0&quot;,&quot;credit&quot;:&quot;&quot;,&quot;camera&quot;:&quot;&quot;,&quot;caption&quot;:&quot;&quot;,&quot;created_timestamp&quot;:&quot;0&quot;,&quot;copyright&quot;:&quot;&quot;,&quot;focal_length&quot;:&quot;0&quot;,&quot;iso&quot;:&quot;0&quot;,&quot;shutter_speed&quot;:&quot;0&quot;,&quot;title&quot;:&quot;&quot;,&quot;orientation&quot;:&quot;0&quot;}\" data-image-title=\"el peque\u00f1o catalan\" data-image-description=\"\" data-medium-file=\"https:\/\/i0.wp.com\/elpequenocatalan.com\/home\/wp-content\/uploads\/2017\/06\/1.jpg?fit=230%2C219&#038;ssl=1\" data-large-file=\"https:\/\/i0.wp.com\/elpequenocatalan.com\/home\/wp-content\/uploads\/2017\/06\/1.jpg?fit=230%2C219&#038;ssl=1\" src=\"https:\/\/i0.wp.com\/elpequenocatalan.com\/home\/wp-content\/uploads\/2017\/06\/1.jpg?w=324&#038;h=308&#038;ssl=1\" width=\"324\" height=\"308\" loading=\"lazy\" data-original-width=\"324\" data-original-height=\"308\" itemprop=\"http:\/\/schema.org\/image\" title=\"el peque\u00f1o catalan\" alt=\"el peque\u00f1o catalan\" style=\"width: 324px; height: 308px;\" \/> <\/a> <\/div> <\/div> <!-- close group --> <div class=\"gallery-group images-1\" style=\"width: 312px; height: 312px;\" data-original-width=\"312\" data-original-height=\"312\" > <div class=\"tiled-gallery-item tiled-gallery-item-large\" itemprop=\"associatedMedia\" itemscope itemtype=\"http:\/\/schema.org\/ImageObject\"> <a href=\"https:\/\/elpequenocatalan.com\/home\/index.php\/el-pequeno-catalan\/images\/\" border=\"0\" itemprop=\"url\"> <meta itemprop=\"width\" content=\"308\"> <meta itemprop=\"height\" content=\"308\"> <img decoding=\"async\" class=\"\" data-attachment-id=\"2347\" data-orig-file=\"https:\/\/elpequenocatalan.com\/home\/wp-content\/uploads\/2017\/06\/images.jpg\" data-orig-size=\"200,200\" data-comments-opened=\"\" data-image-meta=\"{&quot;aperture&quot;:&quot;0&quot;,&quot;credit&quot;:&quot;&quot;,&quot;camera&quot;:&quot;&quot;,&quot;caption&quot;:&quot;&quot;,&quot;created_timestamp&quot;:&quot;0&quot;,&quot;copyright&quot;:&quot;&quot;,&quot;focal_length&quot;:&quot;0&quot;,&quot;iso&quot;:&quot;0&quot;,&quot;shutter_speed&quot;:&quot;0&quot;,&quot;title&quot;:&quot;&quot;,&quot;orientation&quot;:&quot;0&quot;}\" data-image-title=\"epc\" data-image-description=\"\" data-medium-file=\"https:\/\/i0.wp.com\/elpequenocatalan.com\/home\/wp-content\/uploads\/2017\/06\/images.jpg?fit=200%2C200&#038;ssl=1\" data-large-file=\"https:\/\/i0.wp.com\/elpequenocatalan.com\/home\/wp-content\/uploads\/2017\/06\/images.jpg?fit=200%2C200&#038;ssl=1\" src=\"https:\/\/i0.wp.com\/elpequenocatalan.com\/home\/wp-content\/uploads\/2017\/06\/images.jpg?w=308&#038;h=308&#038;crop=1&#038;ssl=1\" srcset=\"https:\/\/i0.wp.com\/elpequenocatalan.com\/home\/wp-content\/uploads\/2017\/06\/images.jpg?w=200&amp;ssl=1 200w, https:\/\/i0.wp.com\/elpequenocatalan.com\/home\/wp-content\/uploads\/2017\/06\/images.jpg?resize=150%2C150&amp;ssl=1 150w, https:\/\/i0.wp.com\/elpequenocatalan.com\/home\/wp-content\/uploads\/2017\/06\/images.jpg?resize=50%2C50&amp;ssl=1 50w\" width=\"308\" height=\"308\" loading=\"lazy\" data-original-width=\"308\" data-original-height=\"308\" itemprop=\"http:\/\/schema.org\/image\" title=\"epc\" alt=\"epc\" style=\"width: 308px; height: 308px;\" \/> <\/a> <\/div> <\/div> <!-- close group --> <\/div> <!-- close row --> <\/div>\n<p>&nbsp;<\/p>\n","protected":false},"excerpt":{"rendered":"<p>Somos una empresa familiar fundada en 1860. Han sido 6 generaciones atendiendo al p\u00fablico (y las nuevas que vienen). Nuestro eslogan es: \u201cCalidad y Servicio a precios Razonables\u201d. Disponemos de m\u00e1s de 1200 m2 de tienda, divididas en 4 plantas. Como empresa tradicional, hacemos especial hincapi\u00e9 en el servicio de atenci\u00f3n al cliente (antes, durante [&hellip;]<\/p>\n","protected":false},"author":1,"featured_media":0,"parent":0,"menu_order":0,"comment_status":"closed","ping_status":"closed","template":"","meta":{"ngg_post_thumbnail":0,"footnotes":""},"class_list":["post-2265","page","type-page","status-publish","hentry"],"jetpack_sharing_enabled":true,"_links":{"self":[{"href":"https:\/\/elpequenocatalan.com\/home\/index.php\/wp-json\/wp\/v2\/pages\/2265","targetHints":{"allow":["GET"]}}],"collection":[{"href":"https:\/\/elpequenocatalan.com\/home\/index.php\/wp-json\/wp\/v2\/pages"}],"about":[{"href":"https:\/\/elpequenocatalan.com\/home\/index.php\/wp-json\/wp\/v2\/types\/page"}],"author":[{"embeddable":true,"href":"https:\/\/elpequenocatalan.com\/home\/index.php\/wp-json\/wp\/v2\/users\/1"}],"replies":[{"embeddable":true,"href":"https:\/\/elpequenocatalan.com\/home\/index.php\/wp-json\/wp\/v2\/comments?post=2265"}],"version-history":[{"count":3,"href":"https:\/\/elpequenocatalan.com\/home\/index.php\/wp-json\/wp\/v2\/pages\/2265\/revisions"}],"predecessor-version":[{"id":2348,"href":"https:\/\/elpequenocatalan.com\/home\/index.php\/wp-json\/wp\/v2\/pages\/2265\/revisions\/2348"}],"wp:attachment":[{"href":"https:\/\/elpequenocatalan.com\/home\/index.php\/wp-json\/wp\/v2\/media?parent=2265"}],"curies":[{"name":"wp","href":"https:\/\/api.w.org\/{rel}","templated":true}]}}