{"id":2295,"date":"2017-06-22T18:00:44","date_gmt":"2017-06-22T18:00:44","guid":{"rendered":"http:\/\/www.elpequenocatalan.com\/?page_id=2295"},"modified":"2023-08-17T12:42:18","modified_gmt":"2023-08-17T10:42:18","slug":"medievales-y-romanos","status":"publish","type":"page","link":"https:\/\/elpequenocatalan.com\/home\/index.php\/medievales-y-romanos\/","title":{"rendered":"Medievales y Romanos"},"content":{"rendered":"\n<div class=\"wp-block-buttons is-content-justification-center is-layout-flex wp-container-core-buttons-is-layout-16018d1d wp-block-buttons-is-layout-flex\">\n<div class=\"wp-block-button has-custom-font-size is-style-fill has-large-font-size\"><a class=\"wp-block-button__link has-text-color has-background has-text-align-center wp-element-button\" href=\"https:\/\/elpequenocatalan.com\/tienda\/index.php\/categoria-producto\/medievales\/\" style=\"border-radius:8px;color:#0c3e61;background-color:#4ba119\"><kbd><bdo lang=\"\" dir=\"ltr\"><mark style=\"background-color:rgba(0, 0, 0, 0)\" class=\"has-inline-color has-white-color\"><strong>Tienda on-line medievales<\/strong><\/mark><\/bdo><\/kbd><\/a><\/div>\n<\/div>\n\n\n<p>La b\u00fasqueda de la autenticidad, nos lleva a elaborar prendas elaboradas con las t\u00e9cnicas de la \u00e9poca y con los acabados que se corresponden a su tiempo, evitando cremalleras o elementos que no aparecieron hasta mucho tiempo despu\u00e9s.<\/p>\n<p>Reproducciones fieles, en las que las prendas de cuero carecen del refinamiento, la camiser\u00eda es de tejidos naturales y las pasamaner\u00edas son de algod\u00f3n o de hilo de metal.<\/p>\n<p>Tejidos como lanas, chenillas naturales, yute, lino o terciopelo, piel de pelo natural, es la forma de acercarnos a la esencia.&nbsp;<\/p>\n<p>Cuero tallado y reforzado es el Pectoral Romano.<\/p>\n<p>Espadas, Ballestas, Arcos, magn\u00edficos Yelmos Medievales y Cascos Romanos, tambi\u00e9n los encontrar\u00e1s en \u00abEl Peque\u00f1o Catal\u00e1n\u00bb.<\/p>\n<p>&nbsp;<\/p>","protected":false},"excerpt":{"rendered":"<p>La b\u00fasqueda de la autenticidad, nos lleva a elaborar prendas elaboradas con las t\u00e9cnicas de la \u00e9poca y con los acabados que se corresponden a su tiempo, evitando cremalleras o elementos que no aparecieron hasta mucho tiempo despu\u00e9s. Reproducciones fieles, en las que las prendas de cuero carecen del refinamiento, la camiser\u00eda es de tejidos [&hellip;]<\/p>\n","protected":false},"author":1,"featured_media":0,"parent":0,"menu_order":0,"comment_status":"closed","ping_status":"closed","template":"","meta":{"ngg_post_thumbnail":0,"footnotes":""},"class_list":["post-2295","page","type-page","status-publish","hentry"],"jetpack_sharing_enabled":true,"_links":{"self":[{"href":"https:\/\/elpequenocatalan.com\/home\/index.php\/wp-json\/wp\/v2\/pages\/2295","targetHints":{"allow":["GET"]}}],"collection":[{"href":"https:\/\/elpequenocatalan.com\/home\/index.php\/wp-json\/wp\/v2\/pages"}],"about":[{"href":"https:\/\/elpequenocatalan.com\/home\/index.php\/wp-json\/wp\/v2\/types\/page"}],"author":[{"embeddable":true,"href":"https:\/\/elpequenocatalan.com\/home\/index.php\/wp-json\/wp\/v2\/users\/1"}],"replies":[{"embeddable":true,"href":"https:\/\/elpequenocatalan.com\/home\/index.php\/wp-json\/wp\/v2\/comments?post=2295"}],"version-history":[{"count":6,"href":"https:\/\/elpequenocatalan.com\/home\/index.php\/wp-json\/wp\/v2\/pages\/2295\/revisions"}],"predecessor-version":[{"id":4896,"href":"https:\/\/elpequenocatalan.com\/home\/index.php\/wp-json\/wp\/v2\/pages\/2295\/revisions\/4896"}],"wp:attachment":[{"href":"https:\/\/elpequenocatalan.com\/home\/index.php\/wp-json\/wp\/v2\/media?parent=2295"}],"curies":[{"name":"wp","href":"https:\/\/api.w.org\/{rel}","templated":true}]}}