{"id":1199,"date":"2021-11-21T10:27:07","date_gmt":"2021-11-21T10:27:07","guid":{"rendered":"https:\/\/fervent-wiles.82-194-67-113.plesk.page\/tienda\/?post_type=product&#038;p=1199"},"modified":"2026-04-09T18:25:46","modified_gmt":"2026-04-09T18:25:46","slug":"pantalon-chandal-futbol-mof","status":"publish","type":"product","link":"https:\/\/elpequenocatalan.com\/tienda\/producto\/pantalon-chandal-futbol-mof\/","title":{"rendered":"Pantal\u00f3n ch\u00e1ndal f\u00fatbol (MOF)"},"content":{"rendered":"","protected":false},"excerpt":{"rendered":"","protected":false},"featured_media":1048,"template":"","meta":[],"product_brand":[],"product_cat":[76,78],"product_tag":[66,79],"class_list":{"0":"post-1199","1":"product","2":"type-product","3":"status-publish","4":"has-post-thumbnail","6":"product_cat-montearagon","7":"product_cat-futbol-montearagon","8":"product_tag-futbol","9":"product_tag-montearagon","11":"first","12":"onbackorder","13":"taxable","14":"shipping-taxable","15":"purchasable","16":"product-type-variable"},"ppom_fields":"0","jetpack_sharing_enabled":true,"_links":{"self":[{"href":"https:\/\/elpequenocatalan.com\/tienda\/wp-json\/wp\/v2\/product\/1199","targetHints":{"allow":["GET"]}}],"collection":[{"href":"https:\/\/elpequenocatalan.com\/tienda\/wp-json\/wp\/v2\/product"}],"about":[{"href":"https:\/\/elpequenocatalan.com\/tienda\/wp-json\/wp\/v2\/types\/product"}],"wp:featuredmedia":[{"embeddable":true,"href":"https:\/\/elpequenocatalan.com\/tienda\/wp-json\/wp\/v2\/media\/1048"}],"wp:attachment":[{"href":"https:\/\/elpequenocatalan.com\/tienda\/wp-json\/wp\/v2\/media?parent=1199"}],"wp:term":[{"taxonomy":"product_brand","embeddable":true,"href":"https:\/\/elpequenocatalan.com\/tienda\/wp-json\/wp\/v2\/product_brand?post=1199"},{"taxonomy":"product_cat","embeddable":true,"href":"https:\/\/elpequenocatalan.com\/tienda\/wp-json\/wp\/v2\/product_cat?post=1199"},{"taxonomy":"product_tag","embeddable":true,"href":"https:\/\/elpequenocatalan.com\/tienda\/wp-json\/wp\/v2\/product_tag?post=1199"}],"curies":[{"name":"wp","href":"https:\/\/api.w.org\/{rel}","templated":true}]}}