{"id":1687,"date":"2021-11-25T08:31:34","date_gmt":"2021-11-25T08:31:34","guid":{"rendered":"https:\/\/fervent-wiles.82-194-67-113.plesk.page\/tienda\/?post_type=product&#038;p=1687"},"modified":"2026-04-09T18:20:58","modified_gmt":"2026-04-09T18:20:58","slug":"pantalon-arbitro-baloncesto-caab","status":"publish","type":"product","link":"https:\/\/elpequenocatalan.com\/tienda\/producto\/pantalon-arbitro-baloncesto-caab\/","title":{"rendered":"Pantal\u00f3n arbitro baloncesto (CAAB)"},"content":{"rendered":"","protected":false},"excerpt":{"rendered":"<p>Estos pantalones est\u00e1n confeccionados con un tejido el\u00e1stico y la trabilla del cintur\u00f3n bordada.<\/p>\n","protected":false},"featured_media":1659,"template":"","meta":[],"product_brand":[],"product_cat":[98],"product_tag":[104,40,103],"class_list":{"0":"post-1687","1":"product","2":"type-product","3":"status-publish","4":"has-post-thumbnail","6":"product_cat-comite-arbitros-aragoneses-baloncesto-caab","7":"product_tag-arbitros","8":"product_tag-basket","9":"product_tag-comite","11":"first","12":"onbackorder","13":"taxable","14":"shipping-taxable","15":"purchasable","16":"product-type-variable"},"ppom_fields":"5","jetpack_sharing_enabled":true,"_links":{"self":[{"href":"https:\/\/elpequenocatalan.com\/tienda\/wp-json\/wp\/v2\/product\/1687","targetHints":{"allow":["GET"]}}],"collection":[{"href":"https:\/\/elpequenocatalan.com\/tienda\/wp-json\/wp\/v2\/product"}],"about":[{"href":"https:\/\/elpequenocatalan.com\/tienda\/wp-json\/wp\/v2\/types\/product"}],"wp:featuredmedia":[{"embeddable":true,"href":"https:\/\/elpequenocatalan.com\/tienda\/wp-json\/wp\/v2\/media\/1659"}],"wp:attachment":[{"href":"https:\/\/elpequenocatalan.com\/tienda\/wp-json\/wp\/v2\/media?parent=1687"}],"wp:term":[{"taxonomy":"product_brand","embeddable":true,"href":"https:\/\/elpequenocatalan.com\/tienda\/wp-json\/wp\/v2\/product_brand?post=1687"},{"taxonomy":"product_cat","embeddable":true,"href":"https:\/\/elpequenocatalan.com\/tienda\/wp-json\/wp\/v2\/product_cat?post=1687"},{"taxonomy":"product_tag","embeddable":true,"href":"https:\/\/elpequenocatalan.com\/tienda\/wp-json\/wp\/v2\/product_tag?post=1687"}],"curies":[{"name":"wp","href":"https:\/\/api.w.org\/{rel}","templated":true}]}}