{"id":4850,"date":"2023-08-16T18:22:52","date_gmt":"2023-08-16T18:22:52","guid":{"rendered":"https:\/\/elpequenocatalan.com\/tienda\/?post_type=product&#038;p=4850"},"modified":"2026-04-09T18:04:57","modified_gmt":"2026-04-09T18:04:57","slug":"vestido-ginevra-berenjena-talla-s","status":"publish","type":"product","link":"https:\/\/elpequenocatalan.com\/tienda\/producto\/vestido-ginevra-berenjena-talla-s\/","title":{"rendered":"VESTIDO GINEVRA BERENJENA"},"content":{"rendered":"<p>Vestido tirantes realizado en CUERO sint\u00e9tico color berenjena. Escote combinado en tejido de CUERO negro texturizado. Espalda con cierre tipo corpi\u00f1o con cord\u00f3n al tono<\/p>\n","protected":false},"excerpt":{"rendered":"<p>Vestido tirantes realizado en CUERO sint\u00e9tico color berenjena. Escote combinado en tejido de CUERO negro texturizado. Espalda con cierre tipo corpi\u00f1o con cord\u00f3n al tono<\/p>\n","protected":false},"featured_media":4851,"template":"","meta":[],"product_brand":[],"product_cat":[304,322,305],"product_tag":[328,326,330,323,331,324,325],"class_list":{"0":"post-4850","1":"product","2":"type-product","3":"status-publish","4":"has-post-thumbnail","6":"product_cat-medievales","7":"product_cat-senora","8":"product_cat-trajes-medievales","9":"product_tag-boda-medieval","10":"product_tag-bodas","11":"product_tag-campesina","12":"product_tag-medieval","13":"product_tag-plebeya","14":"product_tag-recreacion-historica","15":"product_tag-traje-medieval","17":"first","18":"instock","19":"taxable","20":"shipping-taxable","21":"purchasable","22":"product-type-variable"},"ppom_fields":"0","jetpack_sharing_enabled":true,"_links":{"self":[{"href":"https:\/\/elpequenocatalan.com\/tienda\/wp-json\/wp\/v2\/product\/4850","targetHints":{"allow":["GET"]}}],"collection":[{"href":"https:\/\/elpequenocatalan.com\/tienda\/wp-json\/wp\/v2\/product"}],"about":[{"href":"https:\/\/elpequenocatalan.com\/tienda\/wp-json\/wp\/v2\/types\/product"}],"wp:featuredmedia":[{"embeddable":true,"href":"https:\/\/elpequenocatalan.com\/tienda\/wp-json\/wp\/v2\/media\/4851"}],"wp:attachment":[{"href":"https:\/\/elpequenocatalan.com\/tienda\/wp-json\/wp\/v2\/media?parent=4850"}],"wp:term":[{"taxonomy":"product_brand","embeddable":true,"href":"https:\/\/elpequenocatalan.com\/tienda\/wp-json\/wp\/v2\/product_brand?post=4850"},{"taxonomy":"product_cat","embeddable":true,"href":"https:\/\/elpequenocatalan.com\/tienda\/wp-json\/wp\/v2\/product_cat?post=4850"},{"taxonomy":"product_tag","embeddable":true,"href":"https:\/\/elpequenocatalan.com\/tienda\/wp-json\/wp\/v2\/product_tag?post=4850"}],"curies":[{"name":"wp","href":"https:\/\/api.w.org\/{rel}","templated":true}]}}