{"id":4910,"date":"2023-08-16T18:59:20","date_gmt":"2023-08-16T18:59:20","guid":{"rendered":"https:\/\/elpequenocatalan.com\/tienda\/?post_type=product&#038;p=4910"},"modified":"2026-04-09T18:04:39","modified_gmt":"2026-04-09T18:04:39","slug":"vestido-ginevra-berenjena-jaspeado-talla-l","status":"publish","type":"product","link":"https:\/\/elpequenocatalan.com\/tienda\/producto\/vestido-ginevra-berenjena-jaspeado-talla-l\/","title":{"rendered":"VESTIDO GINEVRA BERENJENA JASPEADO"},"content":{"rendered":"<p>Vestido tirantes realizado en SEMI-HILO color berenjena jaspeado. Escote combinado en tejido de CUERO sint\u00e9tico granate texturizado. Espalda con cierre tipo corpi\u00f1o con cord\u00f3n al tono<\/p>\n","protected":false},"excerpt":{"rendered":"<p>Vestido tirantes realizado en SEMI-HILO color berenjena jaspeado. Escote combinado en tejido de CUERO sint\u00e9tico granate texturizado. Espalda con cierre tipo corpi\u00f1o con cord\u00f3n al tono<\/p>\n","protected":false},"featured_media":4911,"template":"","meta":[],"product_brand":[],"product_cat":[304,322,305],"product_tag":[328,326,330,323,324,325],"class_list":{"0":"post-4910","1":"product","2":"type-product","3":"status-publish","4":"has-post-thumbnail","6":"product_cat-medievales","7":"product_cat-senora","8":"product_cat-trajes-medievales","9":"product_tag-boda-medieval","10":"product_tag-bodas","11":"product_tag-campesina","12":"product_tag-medieval","13":"product_tag-recreacion-historica","14":"product_tag-traje-medieval","16":"first","17":"instock","18":"taxable","19":"shipping-taxable","20":"purchasable","21":"product-type-variable"},"ppom_fields":"0","jetpack_sharing_enabled":true,"_links":{"self":[{"href":"https:\/\/elpequenocatalan.com\/tienda\/wp-json\/wp\/v2\/product\/4910","targetHints":{"allow":["GET"]}}],"collection":[{"href":"https:\/\/elpequenocatalan.com\/tienda\/wp-json\/wp\/v2\/product"}],"about":[{"href":"https:\/\/elpequenocatalan.com\/tienda\/wp-json\/wp\/v2\/types\/product"}],"wp:featuredmedia":[{"embeddable":true,"href":"https:\/\/elpequenocatalan.com\/tienda\/wp-json\/wp\/v2\/media\/4911"}],"wp:attachment":[{"href":"https:\/\/elpequenocatalan.com\/tienda\/wp-json\/wp\/v2\/media?parent=4910"}],"wp:term":[{"taxonomy":"product_brand","embeddable":true,"href":"https:\/\/elpequenocatalan.com\/tienda\/wp-json\/wp\/v2\/product_brand?post=4910"},{"taxonomy":"product_cat","embeddable":true,"href":"https:\/\/elpequenocatalan.com\/tienda\/wp-json\/wp\/v2\/product_cat?post=4910"},{"taxonomy":"product_tag","embeddable":true,"href":"https:\/\/elpequenocatalan.com\/tienda\/wp-json\/wp\/v2\/product_tag?post=4910"}],"curies":[{"name":"wp","href":"https:\/\/api.w.org\/{rel}","templated":true}]}}