{"id":4974,"date":"2023-08-16T19:38:46","date_gmt":"2023-08-16T19:38:46","guid":{"rendered":"https:\/\/elpequenocatalan.com\/tienda\/?post_type=product&#038;p=4974"},"modified":"2026-04-09T18:04:23","modified_gmt":"2026-04-09T18:04:23","slug":"vestido-victoria-turquesa-y-oro-talla-s","status":"publish","type":"product","link":"https:\/\/elpequenocatalan.com\/tienda\/producto\/vestido-victoria-turquesa-y-oro-talla-s\/","title":{"rendered":"VESTIDO VICTORIA TURQUESA Y ORO"},"content":{"rendered":"<p>Vestido ideal para novias. Cuerpo principal realizado en tejido DAMASCO blanco con motivos florales.\u00a0 Combinado con tejido BROCADO turquesa y oro (HILO REXOR MET\u00c1LICO). Acabado en pasamaner\u00eda met\u00e1lica (HILO REXOR) efecto oro envejecido. Mangas en batista translucida tipo hoja.\u00a0 Espalda con cierre tipo corpi\u00f1o con cord\u00f3n verde botella<\/p>\n","protected":false},"excerpt":{"rendered":"<p>Vestido ideal para novias. Cuerpo principal realizado en tejido DAMASCO blanco con motivos florales.\u00a0 Combinado con tejido BROCADO turquesa y oro (HILO REXOR MET\u00c1LICO). Acabado en pasamaner\u00eda met\u00e1lica (HILO REXOR) efecto oro envejecido. Mangas en batista translucida tipo hoja.\u00a0 Espalda con cierre tipo corpi\u00f1o con cord\u00f3n verde botella<\/p>\n","protected":false},"featured_media":4975,"template":"","meta":[],"product_brand":[],"product_cat":[304,322,305],"product_tag":[328,326,323,332,329,327,325],"class_list":{"0":"post-4974","1":"product","2":"type-product","3":"status-publish","4":"has-post-thumbnail","6":"product_cat-medievales","7":"product_cat-senora","8":"product_cat-trajes-medievales","9":"product_tag-boda-medieval","10":"product_tag-bodas","11":"product_tag-medieval","12":"product_tag-novia","13":"product_tag-reina","14":"product_tag-reina-medieval","15":"product_tag-traje-medieval","17":"first","18":"instock","19":"taxable","20":"shipping-taxable","21":"purchasable","22":"product-type-variable"},"ppom_fields":"0","jetpack_sharing_enabled":true,"_links":{"self":[{"href":"https:\/\/elpequenocatalan.com\/tienda\/wp-json\/wp\/v2\/product\/4974","targetHints":{"allow":["GET"]}}],"collection":[{"href":"https:\/\/elpequenocatalan.com\/tienda\/wp-json\/wp\/v2\/product"}],"about":[{"href":"https:\/\/elpequenocatalan.com\/tienda\/wp-json\/wp\/v2\/types\/product"}],"wp:featuredmedia":[{"embeddable":true,"href":"https:\/\/elpequenocatalan.com\/tienda\/wp-json\/wp\/v2\/media\/4975"}],"wp:attachment":[{"href":"https:\/\/elpequenocatalan.com\/tienda\/wp-json\/wp\/v2\/media?parent=4974"}],"wp:term":[{"taxonomy":"product_brand","embeddable":true,"href":"https:\/\/elpequenocatalan.com\/tienda\/wp-json\/wp\/v2\/product_brand?post=4974"},{"taxonomy":"product_cat","embeddable":true,"href":"https:\/\/elpequenocatalan.com\/tienda\/wp-json\/wp\/v2\/product_cat?post=4974"},{"taxonomy":"product_tag","embeddable":true,"href":"https:\/\/elpequenocatalan.com\/tienda\/wp-json\/wp\/v2\/product_tag?post=4974"}],"curies":[{"name":"wp","href":"https:\/\/api.w.org\/{rel}","templated":true}]}}