{"id":5104,"date":"2023-08-22T16:28:49","date_gmt":"2023-08-22T16:28:49","guid":{"rendered":"https:\/\/elpequenocatalan.com\/tienda\/?post_type=product&#038;p=5104"},"modified":"2026-04-09T17:44:56","modified_gmt":"2026-04-09T17:44:56","slug":"espada-templaria-grabada-113-cms","status":"publish","type":"product","link":"https:\/\/elpequenocatalan.com\/tienda\/producto\/espada-templaria-grabada-113-cms\/","title":{"rendered":"ESPADA TEMPLARIA GRABADA (113 CMS)"},"content":{"rendered":"<p>Espada Templaria grabada. Filo compuesto bi-material grabado en su parte anterior. Guarda de lat\u00f3n tallada con el escudo de la orden. Empu\u00f1adura en cuero sint\u00e9tico marr\u00f3n decorada con cadena dorada todo alrededor. Como elemento de cierre un pomo redondo de lat\u00f3n con el escudo de la orden tallado. La medida total de la espada es de 113 cms. Incluye una Panoplia decorativa para colgar en la pared.<\/p>\n","protected":false},"excerpt":{"rendered":"<p>Espada Templaria grabada. Filo compuesto bi-material grabado en su parte anterior. Guarda de lat\u00f3n tallada con el escudo de la orden. Empu\u00f1adura en cuero sint\u00e9tico marr\u00f3n decorada con cadena dorada todo alrededor. Como elemento de cierre un pomo redondo de lat\u00f3n con el escudo de la orden tallado. La medida total de la espada es [&hellip;]<\/p>\n","protected":false},"featured_media":5108,"template":"","meta":[],"product_brand":[],"product_cat":[307,304],"product_tag":[338,328,326,339,324,340,325],"class_list":{"0":"post-5104","1":"product","2":"type-product","3":"status-publish","4":"has-post-thumbnail","6":"product_cat-armas-medievales","7":"product_cat-medievales","8":"product_tag-armas-medievales","9":"product_tag-boda-medieval","10":"product_tag-bodas","11":"product_tag-espadas","12":"product_tag-recreacion-historica","13":"product_tag-templarios","14":"product_tag-traje-medieval","16":"first","17":"instock","18":"taxable","19":"shipping-taxable","20":"purchasable","21":"product-type-variable"},"ppom_fields":"0","jetpack_sharing_enabled":true,"_links":{"self":[{"href":"https:\/\/elpequenocatalan.com\/tienda\/wp-json\/wp\/v2\/product\/5104","targetHints":{"allow":["GET"]}}],"collection":[{"href":"https:\/\/elpequenocatalan.com\/tienda\/wp-json\/wp\/v2\/product"}],"about":[{"href":"https:\/\/elpequenocatalan.com\/tienda\/wp-json\/wp\/v2\/types\/product"}],"wp:featuredmedia":[{"embeddable":true,"href":"https:\/\/elpequenocatalan.com\/tienda\/wp-json\/wp\/v2\/media\/5108"}],"wp:attachment":[{"href":"https:\/\/elpequenocatalan.com\/tienda\/wp-json\/wp\/v2\/media?parent=5104"}],"wp:term":[{"taxonomy":"product_brand","embeddable":true,"href":"https:\/\/elpequenocatalan.com\/tienda\/wp-json\/wp\/v2\/product_brand?post=5104"},{"taxonomy":"product_cat","embeddable":true,"href":"https:\/\/elpequenocatalan.com\/tienda\/wp-json\/wp\/v2\/product_cat?post=5104"},{"taxonomy":"product_tag","embeddable":true,"href":"https:\/\/elpequenocatalan.com\/tienda\/wp-json\/wp\/v2\/product_tag?post=5104"}],"curies":[{"name":"wp","href":"https:\/\/api.w.org\/{rel}","templated":true}]}}