{"id":5112,"date":"2023-08-22T16:38:47","date_gmt":"2023-08-22T16:38:47","guid":{"rendered":"https:\/\/elpequenocatalan.com\/tienda\/?post_type=product&#038;p=5112"},"modified":"2026-04-09T18:04:05","modified_gmt":"2026-04-09T18:04:05","slug":"cinturon-medieval","status":"publish","type":"product","link":"https:\/\/elpequenocatalan.com\/tienda\/producto\/cinturon-medieval\/","title":{"rendered":"CINTUR\u00d3N MEDIEVAL"},"content":{"rendered":"<p>Se trata de un cintur\u00f3n medieval realizado de forma TOTALMENTE ARTESANAL en cuero natural.\u00a0 \u00a0Los elementos de uni\u00f3n son ojetes de lat\u00f3n envejecidos y cordones de cuero natural. Como elemento de cierre un aro de lat\u00f3n id\u00e9ntico a los utilizados en la \u00e9poca. Disponibles en varios colores. Incluye tachuelas de lat\u00f3n como elemento decorativo.<\/p>\n","protected":false},"excerpt":{"rendered":"<p>Se trata de un cintur\u00f3n medieval realizado de forma TOTALMENTE ARTESANAL en cuero natural.\u00a0 \u00a0Los elementos de uni\u00f3n son ojetes de lat\u00f3n envejecidos y cordones de cuero natural. Como elemento de cierre un aro de lat\u00f3n id\u00e9ntico a los utilizados en la \u00e9poca. Disponibles en varios colores. Incluye tachuelas de lat\u00f3n como elemento decorativo.<\/p>\n","protected":false},"featured_media":5113,"template":"","meta":[],"product_brand":[],"product_cat":[306,304],"product_tag":[334,341,337,323,324,325],"class_list":{"0":"post-5112","1":"product","2":"type-product","3":"status-publish","4":"has-post-thumbnail","6":"product_cat-complementos-medievales","7":"product_cat-medievales","8":"product_tag-arquero","9":"product_tag-cinturon","10":"product_tag-guerrero","11":"product_tag-medieval","12":"product_tag-recreacion-historica","13":"product_tag-traje-medieval","15":"first","16":"instock","17":"taxable","18":"shipping-taxable","19":"purchasable","20":"product-type-variable"},"ppom_fields":"0","jetpack_sharing_enabled":true,"_links":{"self":[{"href":"https:\/\/elpequenocatalan.com\/tienda\/wp-json\/wp\/v2\/product\/5112","targetHints":{"allow":["GET"]}}],"collection":[{"href":"https:\/\/elpequenocatalan.com\/tienda\/wp-json\/wp\/v2\/product"}],"about":[{"href":"https:\/\/elpequenocatalan.com\/tienda\/wp-json\/wp\/v2\/types\/product"}],"wp:featuredmedia":[{"embeddable":true,"href":"https:\/\/elpequenocatalan.com\/tienda\/wp-json\/wp\/v2\/media\/5113"}],"wp:attachment":[{"href":"https:\/\/elpequenocatalan.com\/tienda\/wp-json\/wp\/v2\/media?parent=5112"}],"wp:term":[{"taxonomy":"product_brand","embeddable":true,"href":"https:\/\/elpequenocatalan.com\/tienda\/wp-json\/wp\/v2\/product_brand?post=5112"},{"taxonomy":"product_cat","embeddable":true,"href":"https:\/\/elpequenocatalan.com\/tienda\/wp-json\/wp\/v2\/product_cat?post=5112"},{"taxonomy":"product_tag","embeddable":true,"href":"https:\/\/elpequenocatalan.com\/tienda\/wp-json\/wp\/v2\/product_tag?post=5112"}],"curies":[{"name":"wp","href":"https:\/\/api.w.org\/{rel}","templated":true}]}}